{"id":3106,"date":"2025-05-13T11:46:25","date_gmt":"2025-05-13T10:46:25","guid":{"rendered":"https:\/\/dev.aicrag.com\/qualitat\/"},"modified":"2026-03-13T12:48:13","modified_gmt":"2026-03-13T11:48:13","slug":"qualitat","status":"publish","type":"page","link":"https:\/\/dev.aicrag.com\/ca\/qualitat\/","title":{"rendered":"Qualitat"},"content":{"rendered":"\t\t<div data-elementor-type=\"wp-page\" data-elementor-id=\"3106\" class=\"elementor elementor-3106 elementor-20\" data-elementor-post-type=\"page\">\n\t\t\t\t<div class=\"elementor-element elementor-element-6ed6932 e-flex e-con-boxed e-con e-parent\" data-id=\"6ed6932\" data-element_type=\"container\" data-e-type=\"container\" data-settings=\"{&quot;background_background&quot;:&quot;classic&quot;}\">\n\t\t\t\t\t<div class=\"e-con-inner\">\n\t\t<div class=\"elementor-element elementor-element-c09b996 e-con-full e-flex e-con e-child\" data-id=\"c09b996\" data-element_type=\"container\" data-e-type=\"container\">\n\t\t\t\t<div class=\"elementor-element elementor-element-21b6eb9 elementor-widget elementor-widget-heading\" data-id=\"21b6eb9\" data-element_type=\"widget\" data-e-type=\"widget\" data-widget_type=\"heading.default\">\n\t\t\t\t\t<h4 class=\"elementor-heading-title elementor-size-default\">QUALITAT<\/h4>\t\t\t\t<\/div>\n\t\t\t\t<div class=\"elementor-element elementor-element-aa95193 elementor-widget elementor-widget-heading\" data-id=\"aa95193\" data-element_type=\"widget\" data-e-type=\"widget\" data-widget_type=\"heading.default\">\n\t\t\t\t\t<h1 class=\"elementor-heading-title elementor-size-default\">CERTIFICATS AMB LA ISO<br> 9001:2015<\/h1>\t\t\t\t<\/div>\n\t\t\t\t<div class=\"elementor-element elementor-element-c121c0f elementor-widget elementor-widget-text-editor\" data-id=\"c121c0f\" data-element_type=\"widget\" data-e-type=\"widget\" data-widget_type=\"text-editor.default\">\n\t\t\t\t\t\t\t\t\t<p>A RECAMVIS AICRAG, SA tenim la filosofia d&#8217;aconseguir la confian\u00e7a dels nostres clients, satisfent les seves necessitats. Som una empresa consolidada, en permanent expansi\u00f3, les senyes d&#8217;identitat de la qual s\u00f3n: Comprom\u00eds de Servei, Qualitat i Innovaci\u00f3. <\/p><p>Som associats al grup SERCA i hem aconseguit ser un dels recambistes m\u00e9s destacats. La nostra filosofia de treball est\u00e0 orientada cap a la qualitat total i en conseq\u00fc\u00e8ncia a la satisfacci\u00f3 del client, i \u00e9s per aix\u00f2 que a RECANVIS AICRAG, SA implantem un sistema de Gesti\u00f3 de Qualitat basat en la norma UNE-EN ISO 9001:2015.<\/p><p>Per assegurar la qualitat, tant davant de tercers com internament, la direcci\u00f3 juntament amb els responsables i empleats altament qualificats amb qu\u00e8 compta RECANVIS AICRAG, SA ha planificat un conjunt d&#8217;accions i sistemes que han de proporcionar la confian\u00e7a adequada davant dels nostres clients i que es defineixen a continuaci\u00f3 a la nostra Pol\u00edtica de Qualitat.<\/p><ul><li>Con\u00e8ixer i satisfer les necessitats i expectatives dels nostres clients, garantint un comprom\u00eds de complir els requisits establerts pels clients, per la legislaci\u00f3 vigent que sigui aplicable a les activitats i serveis desenvolupats, els requisits propis que subscrigui la nostra organitzaci\u00f3, aix\u00ed com del compliment d&#8217;altres exig\u00e8ncies establertes per terceres parts.<\/li><li>Potenciar l&#8217;efic\u00e0cia dels recursos humans i tecnol\u00f2gics per assegurar la qualitat dels treballs i els projectes. El nostre actiu principal \u00e9s l&#8217;equip hum\u00e0. M\u00e9s de 200 professionals al vostre servei  <\/li><li>Atenci\u00f3 professional al taller gr\u00e0cies al nostre equip hum\u00e0 amb una \u00e0mplia experi\u00e8ncia a totes les \u00e0rees que treballem i permanentment reciclat gr\u00e0cies al nostre pla anual de formaci\u00f3 interna.<\/li><li>Millorar cont\u00ednuament l&#8217;efic\u00e0cia del sistema de gesti\u00f3, per garantir la nostra permanent adequaci\u00f3 a les exig\u00e8ncies d&#8217;un mercat cada cop m\u00e9s competitiu i un entorn en constant evoluci\u00f3. disposats a solucionar totes les necessitats del negoci de reparaci\u00f3.<\/li><\/ul><p>Les nostres dades d&#8217;identitat s\u00f3n el comprom\u00eds de Servei i Qualitat al taller m\u00e9s l&#8217;aplicaci\u00f3 de les noves Tecnologies a tots els processos.<\/p><p>Oferim la qualitat m\u00e9s alta perqu\u00e8 cuidem al m\u00e0xim tots els detalls en els nostres processos de gesti\u00f3 i comptem amb el suport dels principals fabricants, la majoria l\u00edders del sector i que a m\u00e9s s\u00f3n prove\u00efdors de primers equips. Recanvis que s&#8217;anomenen recanvis originals o de qualitat equivalent. <\/p><p>Considerant aquestes pautes, aquesta direcci\u00f3 reitera el seu comprom\u00eds m\u00e9s ferm unint esfor\u00e7os per aconseguir aquests objectius, per la qual cosa aquesta pol\u00edtica \u00e9s entesa, implantada i mantinguda al dia en tots els nivells de l&#8217;organitzaci\u00f3 i de l&#8217;entorn.<\/p><p>Les nostres dades d&#8217;identitat s\u00f3n el comprom\u00eds de Servei i Qualitat al taller m\u00e9s l&#8217;aplicaci\u00f3 de les noves Tecnologies a tots els processos.<\/p><p>Oferim la qualitat m\u00e9s alta perqu\u00e8 cuidem al m\u00e0xim tots els detalls en els nostres processos de gesti\u00f3 i comptem amb el suport dels principals fabricants, la majoria l\u00edders del sector i que a m\u00e9s s\u00f3n prove\u00efdors de primers equips. Recanvis que s&#8217;anomenen recanvis originals o de qualitat equivalent. <\/p><p>Considerant aquestes pautes, aquesta direcci\u00f3 reitera el seu comprom\u00eds m\u00e9s ferm unint esfor\u00e7os per aconseguir aquests objectius, per la qual cosa aquesta pol\u00edtica \u00e9s entesa, implantada i mantinguda al dia en tots els nivells de l&#8217;organitzaci\u00f3 i de l&#8217;entorn.<\/p>\t\t\t\t\t\t\t\t<\/div>\n\t\t\t\t<div class=\"elementor-element elementor-element-7f37b02 elementor-mobile-align-justify elementor-widget elementor-widget-button\" data-id=\"7f37b02\" data-element_type=\"widget\" data-e-type=\"widget\" data-widget_type=\"button.default\">\n\t\t\t\t\t\t\t\t\t\t<a class=\"elementor-button elementor-button-link elementor-size-sm\" href=\"\/wp-content\/uploads\/2025\/05\/34_5200_15_0682_aicrag_CAST.pdf\">\n\t\t\t\t\t\t<span class=\"elementor-button-content-wrapper\">\n\t\t\t\t\t\t\t\t\t<span class=\"elementor-button-text\">DESCARREGA EL CERTIFICAT<\/span>\n\t\t\t\t\t<\/span>\n\t\t\t\t\t<\/a>\n\t\t\t\t\t\t\t\t<\/div>\n\t\t\t\t<\/div>\n\t\t<div class=\"elementor-element elementor-element-58b9e07 e-con-full e-flex e-con e-child\" data-id=\"58b9e07\" data-element_type=\"container\" data-e-type=\"container\">\n\t\t\t\t<div class=\"elementor-element elementor-element-7619d5f elementor-widget elementor-widget-image\" data-id=\"7619d5f\" data-element_type=\"widget\" data-e-type=\"widget\" data-widget_type=\"image.default\">\n\t\t\t\t\t\t\t\t\t\t\t\t\t\t\t<img fetchpriority=\"high\" decoding=\"async\" width=\"316\" height=\"316\" src=\"https:\/\/dev.aicrag.com\/wp-content\/uploads\/2025\/05\/calidad.png\" class=\"attachment-large size-large wp-image-885\" alt=\"\" srcset=\"https:\/\/dev.aicrag.com\/wp-content\/uploads\/2025\/05\/calidad.png 316w, https:\/\/dev.aicrag.com\/wp-content\/uploads\/2025\/05\/calidad-300x300.png 300w, https:\/\/dev.aicrag.com\/wp-content\/uploads\/2025\/05\/calidad-150x150.png 150w\" sizes=\"(max-width: 316px) 100vw, 316px\" \/>\t\t\t\t\t\t\t\t\t\t\t\t\t\t\t<\/div>\n\t\t\t\t<\/div>\n\t\t\t\t\t<\/div>\n\t\t\t\t<\/div>\n\t\t\t\t<\/div>\n\t\t","protected":false},"excerpt":{"rendered":"","protected":false},"author":4,"featured_media":0,"parent":0,"menu_order":0,"comment_status":"closed","ping_status":"closed","template":"","meta":{"_acf_changed":false,"content-type":"","footnotes":""},"class_list":["post-3106","page","type-page","status-publish","hentry"],"acf":[],"yoast_head":"<!-- This site is optimized with the Yoast SEO Premium plugin v27.3 (Yoast SEO v27.3) - https:\/\/yoast.com\/product\/yoast-seo-premium-wordpress\/ -->\n<title>Qualitat - Aicrag<\/title>\n<meta name=\"robots\" content=\"noindex, follow, max-snippet:-1, max-image-preview:large, max-video-preview:-1\" \/>\n<meta property=\"og:locale\" content=\"ca_ES\" \/>\n<meta property=\"og:type\" content=\"article\" \/>\n<meta property=\"og:title\" content=\"Qualitat\" \/>\n<meta property=\"og:url\" content=\"https:\/\/dev.aicrag.com\/ca\/qualitat\/\" \/>\n<meta property=\"og:site_name\" content=\"Aicrag\" \/>\n<meta property=\"article:publisher\" content=\"https:\/\/www.facebook.com\/Recanvisaicrag\" \/>\n<meta property=\"article:modified_time\" content=\"2026-03-13T11:48:13+00:00\" \/>\n<meta name=\"twitter:card\" content=\"summary_large_image\" \/>\n<script type=\"application\/ld+json\" class=\"yoast-schema-graph\">{\"@context\":\"https:\\\/\\\/schema.org\",\"@graph\":[{\"@type\":\"WebPage\",\"@id\":\"https:\\\/\\\/dev.aicrag.com\\\/ca\\\/qualitat\\\/\",\"url\":\"https:\\\/\\\/dev.aicrag.com\\\/ca\\\/qualitat\\\/\",\"name\":\"Qualitat - Aicrag\",\"isPartOf\":{\"@id\":\"https:\\\/\\\/dev.aicrag.com\\\/ca\\\/#website\"},\"datePublished\":\"2025-05-13T10:46:25+00:00\",\"dateModified\":\"2026-03-13T11:48:13+00:00\",\"breadcrumb\":{\"@id\":\"https:\\\/\\\/dev.aicrag.com\\\/ca\\\/qualitat\\\/#breadcrumb\"},\"inLanguage\":\"ca\",\"potentialAction\":[{\"@type\":\"ReadAction\",\"target\":[\"https:\\\/\\\/dev.aicrag.com\\\/ca\\\/qualitat\\\/\"]}]},{\"@type\":\"BreadcrumbList\",\"@id\":\"https:\\\/\\\/dev.aicrag.com\\\/ca\\\/qualitat\\\/#breadcrumb\",\"itemListElement\":[{\"@type\":\"ListItem\",\"position\":1,\"name\":\"Portada\",\"item\":\"https:\\\/\\\/dev.aicrag.com\\\/ca\\\/\"},{\"@type\":\"ListItem\",\"position\":2,\"name\":\"Qualitat\"}]},{\"@type\":\"WebSite\",\"@id\":\"https:\\\/\\\/dev.aicrag.com\\\/ca\\\/#website\",\"url\":\"https:\\\/\\\/dev.aicrag.com\\\/ca\\\/\",\"name\":\"Aicrag\",\"description\":\"logotipo AICRAG\",\"publisher\":{\"@id\":\"https:\\\/\\\/dev.aicrag.com\\\/ca\\\/#organization\"},\"potentialAction\":[{\"@type\":\"SearchAction\",\"target\":{\"@type\":\"EntryPoint\",\"urlTemplate\":\"https:\\\/\\\/dev.aicrag.com\\\/ca\\\/?s={search_term_string}\"},\"query-input\":{\"@type\":\"PropertyValueSpecification\",\"valueRequired\":true,\"valueName\":\"search_term_string\"}}],\"inLanguage\":\"ca\"},{\"@type\":\"Organization\",\"@id\":\"https:\\\/\\\/dev.aicrag.com\\\/ca\\\/#organization\",\"name\":\"AICRAG\",\"alternateName\":\"Recanvis Aicrag\",\"url\":\"https:\\\/\\\/dev.aicrag.com\\\/ca\\\/\",\"logo\":{\"@type\":\"ImageObject\",\"inLanguage\":\"ca\",\"@id\":\"https:\\\/\\\/dev.aicrag.com\\\/ca\\\/#\\\/schema\\\/logo\\\/image\\\/\",\"url\":\"https:\\\/\\\/dev.aicrag.com\\\/wp-content\\\/uploads\\\/2025\\\/06\\\/logo-aicrag_color_sin-fondo.svg\",\"contentUrl\":\"https:\\\/\\\/dev.aicrag.com\\\/wp-content\\\/uploads\\\/2025\\\/06\\\/logo-aicrag_color_sin-fondo.svg\",\"width\":825.88977,\"height\":249,\"caption\":\"AICRAG\"},\"image\":{\"@id\":\"https:\\\/\\\/dev.aicrag.com\\\/ca\\\/#\\\/schema\\\/logo\\\/image\\\/\"},\"sameAs\":[\"https:\\\/\\\/www.facebook.com\\\/Recanvisaicrag\",\"https:\\\/\\\/www.instagram.com\\\/recanvis.aicrag\",\"https:\\\/\\\/www.linkedin.com\\\/company\\\/101233911\"]}]}<\/script>\n<!-- \/ Yoast SEO Premium plugin. -->","yoast_head_json":{"title":"Qualitat - Aicrag","robots":{"index":"noindex","follow":"follow","max-snippet":"max-snippet:-1","max-image-preview":"max-image-preview:large","max-video-preview":"max-video-preview:-1"},"og_locale":"ca_ES","og_type":"article","og_title":"Qualitat","og_url":"https:\/\/dev.aicrag.com\/ca\/qualitat\/","og_site_name":"Aicrag","article_publisher":"https:\/\/www.facebook.com\/Recanvisaicrag","article_modified_time":"2026-03-13T11:48:13+00:00","twitter_card":"summary_large_image","schema":{"@context":"https:\/\/schema.org","@graph":[{"@type":"WebPage","@id":"https:\/\/dev.aicrag.com\/ca\/qualitat\/","url":"https:\/\/dev.aicrag.com\/ca\/qualitat\/","name":"Qualitat - Aicrag","isPartOf":{"@id":"https:\/\/dev.aicrag.com\/ca\/#website"},"datePublished":"2025-05-13T10:46:25+00:00","dateModified":"2026-03-13T11:48:13+00:00","breadcrumb":{"@id":"https:\/\/dev.aicrag.com\/ca\/qualitat\/#breadcrumb"},"inLanguage":"ca","potentialAction":[{"@type":"ReadAction","target":["https:\/\/dev.aicrag.com\/ca\/qualitat\/"]}]},{"@type":"BreadcrumbList","@id":"https:\/\/dev.aicrag.com\/ca\/qualitat\/#breadcrumb","itemListElement":[{"@type":"ListItem","position":1,"name":"Portada","item":"https:\/\/dev.aicrag.com\/ca\/"},{"@type":"ListItem","position":2,"name":"Qualitat"}]},{"@type":"WebSite","@id":"https:\/\/dev.aicrag.com\/ca\/#website","url":"https:\/\/dev.aicrag.com\/ca\/","name":"Aicrag","description":"logotipo AICRAG","publisher":{"@id":"https:\/\/dev.aicrag.com\/ca\/#organization"},"potentialAction":[{"@type":"SearchAction","target":{"@type":"EntryPoint","urlTemplate":"https:\/\/dev.aicrag.com\/ca\/?s={search_term_string}"},"query-input":{"@type":"PropertyValueSpecification","valueRequired":true,"valueName":"search_term_string"}}],"inLanguage":"ca"},{"@type":"Organization","@id":"https:\/\/dev.aicrag.com\/ca\/#organization","name":"AICRAG","alternateName":"Recanvis Aicrag","url":"https:\/\/dev.aicrag.com\/ca\/","logo":{"@type":"ImageObject","inLanguage":"ca","@id":"https:\/\/dev.aicrag.com\/ca\/#\/schema\/logo\/image\/","url":"https:\/\/dev.aicrag.com\/wp-content\/uploads\/2025\/06\/logo-aicrag_color_sin-fondo.svg","contentUrl":"https:\/\/dev.aicrag.com\/wp-content\/uploads\/2025\/06\/logo-aicrag_color_sin-fondo.svg","width":825.88977,"height":249,"caption":"AICRAG"},"image":{"@id":"https:\/\/dev.aicrag.com\/ca\/#\/schema\/logo\/image\/"},"sameAs":["https:\/\/www.facebook.com\/Recanvisaicrag","https:\/\/www.instagram.com\/recanvis.aicrag","https:\/\/www.linkedin.com\/company\/101233911"]}]}},"_links":{"self":[{"href":"https:\/\/dev.aicrag.com\/ca\/wp-json\/wp\/v2\/pages\/3106","targetHints":{"allow":["GET"]}}],"collection":[{"href":"https:\/\/dev.aicrag.com\/ca\/wp-json\/wp\/v2\/pages"}],"about":[{"href":"https:\/\/dev.aicrag.com\/ca\/wp-json\/wp\/v2\/types\/page"}],"author":[{"embeddable":true,"href":"https:\/\/dev.aicrag.com\/ca\/wp-json\/wp\/v2\/users\/4"}],"replies":[{"embeddable":true,"href":"https:\/\/dev.aicrag.com\/ca\/wp-json\/wp\/v2\/comments?post=3106"}],"version-history":[{"count":1,"href":"https:\/\/dev.aicrag.com\/ca\/wp-json\/wp\/v2\/pages\/3106\/revisions"}],"predecessor-version":[{"id":3107,"href":"https:\/\/dev.aicrag.com\/ca\/wp-json\/wp\/v2\/pages\/3106\/revisions\/3107"}],"wp:attachment":[{"href":"https:\/\/dev.aicrag.com\/ca\/wp-json\/wp\/v2\/media?parent=3106"}],"curies":[{"name":"wp","href":"https:\/\/api.w.org\/{rel}","templated":true}]}}