{"id":3108,"date":"2025-05-13T11:30:53","date_gmt":"2025-05-13T10:30:53","guid":{"rendered":"https:\/\/dev.aicrag.com\/contacte-per-a-particulars\/"},"modified":"2026-03-13T12:47:05","modified_gmt":"2026-03-13T11:47:05","slug":"contacte-per-a-particulars","status":"publish","type":"page","link":"https:\/\/dev.aicrag.com\/ca\/contacte-per-a-particulars\/","title":{"rendered":"Contacte per a particulars"},"content":{"rendered":"\t\t<div data-elementor-type=\"wp-page\" data-elementor-id=\"3108\" class=\"elementor elementor-3108 elementor-17\" data-elementor-post-type=\"page\">\n\t\t\t\t<div class=\"elementor-element elementor-element-8b5c2cc e-con-full e-flex e-con e-parent\" data-id=\"8b5c2cc\" data-element_type=\"container\" data-e-type=\"container\" data-settings=\"{&quot;background_background&quot;:&quot;classic&quot;}\">\n\t\t<div class=\"elementor-element elementor-element-b237ca7 e-con-full e-flex e-con e-child\" data-id=\"b237ca7\" data-element_type=\"container\" data-e-type=\"container\">\n\t\t<div class=\"elementor-element elementor-element-1284d85 e-con-full e-flex e-con e-child\" data-id=\"1284d85\" data-element_type=\"container\" data-e-type=\"container\">\n\t\t\t\t<div class=\"elementor-element elementor-element-5ee103f elementor-widget elementor-widget-heading\" data-id=\"5ee103f\" data-element_type=\"widget\" data-e-type=\"widget\" data-widget_type=\"heading.default\">\n\t\t\t\t\t<h4 class=\"elementor-heading-title elementor-size-default\">EL TEU PROVE\u00cfDOR 360\u00ba<\/h4>\t\t\t\t<\/div>\n\t\t\t\t<div class=\"elementor-element elementor-element-de6f3e2 elementor-widget elementor-widget-heading\" data-id=\"de6f3e2\" data-element_type=\"widget\" data-e-type=\"widget\" data-widget_type=\"heading.default\">\n\t\t\t\t\t<h1 class=\"elementor-heading-title elementor-size-default\">Contacte per a particulars<\/h1>\t\t\t\t<\/div>\n\t\t\t\t<div class=\"elementor-element elementor-element-e0a6968 elementor-icon-list--layout-inline elementor-list-item-link-full_width elementor-widget elementor-widget-icon-list\" data-id=\"e0a6968\" data-element_type=\"widget\" data-e-type=\"widget\" data-widget_type=\"icon-list.default\">\n\t\t\t\t\t\t\t<ul class=\"elementor-icon-list-items elementor-inline-items\">\n\t\t\t\t\t\t\t<li class=\"elementor-icon-list-item elementor-inline-item\">\n\t\t\t\t\t\t\t\t\t\t\t<a href=\"https:\/\/dev.aicrag.com\/ca\/?page_id=3183\">\n\n\t\t\t\t\t\t\t\t\t\t\t<span class=\"elementor-icon-list-text\">VOLS TREBALLAR AMB NOSALTRES?  <\/span>\n\t\t\t\t\t\t\t\t\t\t\t<\/a>\n\t\t\t\t\t\t\t\t\t<\/li>\n\t\t\t\t\t\t\t\t<li class=\"elementor-icon-list-item elementor-inline-item\">\n\t\t\t\t\t\t\t\t\t\t\t<a href=\"https:\/\/dev.aicrag.com\/ca\/?page_id=3110\">\n\n\t\t\t\t\t\t\t\t\t\t\t<span class=\"elementor-icon-list-text\">ETS UNA EMPRESA?<\/span>\n\t\t\t\t\t\t\t\t\t\t\t<\/a>\n\t\t\t\t\t\t\t\t\t<\/li>\n\t\t\t\t\t\t<\/ul>\n\t\t\t\t\t\t<\/div>\n\t\t\t\t<div class=\"elementor-element elementor-element-390917d elementor-widget elementor-widget-text-editor\" data-id=\"390917d\" data-element_type=\"widget\" data-e-type=\"widget\" data-widget_type=\"text-editor.default\">\n\t\t\t\t\t\t\t\t\t<h5>Per a consultes de recanvis, accessoris o consumibles, <strong>emplena el formulari.<\/strong><\/h5><h5>Tamb\u00e9 pots visitar les nostres botigues, troba la m\u00e9s propera <a href=\"https:\/\/dev.aicrag.com\/delegaciones\/\">fent clic aqu\u00ed<\/a> .<\/h5>\t\t\t\t\t\t\t\t<\/div>\n\t\t<div class=\"elementor-element elementor-element-f7d8248 e-con-full e-flex e-con e-child\" data-id=\"f7d8248\" data-element_type=\"container\" data-e-type=\"container\">\n\t\t\t\t<div class=\"elementor-element elementor-element-2e87f14 elementor-widget elementor-widget-button\" data-id=\"2e87f14\" data-element_type=\"widget\" data-e-type=\"widget\" data-widget_type=\"button.default\">\n\t\t\t\t\t\t\t\t\t\t<a class=\"elementor-button elementor-button-link elementor-size-sm\" href=\"https:\/\/wa.me\/34977547698?text=Hola%2C%20quiero%20m\u00e1s%20informaci\u00f3n.\">\n\t\t\t\t\t\t<span class=\"elementor-button-content-wrapper\">\n\t\t\t\t\t\t<span class=\"elementor-button-icon\">\n\t\t\t\t<svg xmlns=\"http:\/\/www.w3.org\/2000\/svg\" width=\"26\" height=\"25\" viewBox=\"0 0 26 25\" fill=\"none\"><path d=\"M16.9672 18.07C12.0859 18.07 8.11462 14.1025 8.11328 9.22747C8.11462 7.99171 9.12215 6.98682 10.3568 6.98682C10.4838 6.98682 10.6094 6.99749 10.7296 7.01884C10.9942 7.06288 11.2454 7.1523 11.4766 7.28708C11.51 7.3071 11.5327 7.33913 11.5381 7.3765L12.0539 10.6234C12.0605 10.6621 12.0485 10.6994 12.0231 10.7275C11.7385 11.0424 11.375 11.2693 10.9702 11.3827L10.7751 11.4374L10.8486 11.6256C11.514 13.3178 12.869 14.6696 14.5647 15.3369L14.7531 15.4116L14.8078 15.2168C14.9214 14.8124 15.1486 14.4494 15.4639 14.1652C15.4867 14.1438 15.5174 14.1332 15.5481 14.1332C15.5548 14.1332 15.5615 14.1332 15.5695 14.1345L18.8206 14.6496C18.8593 14.6563 18.8914 14.6777 18.9115 14.711C19.0451 14.9419 19.1346 15.1941 19.18 15.4583C19.2014 15.5758 19.2108 15.6999 19.2108 15.8293C19.2108 17.0638 18.2046 18.0687 16.9672 18.07Z\" fill=\"#00E510\"><\/path><path d=\"M25.6261 11.4297C25.3628 8.45907 23.9999 5.70329 21.7884 3.67082C19.5636 1.62633 16.6773 0.5 13.6587 0.5C7.03362 0.5 1.64324 5.88345 1.64324 12.5C1.64324 14.7206 2.25657 16.8839 3.41776 18.7682L0.828125 24.4933L9.1195 23.6112C10.5613 24.2011 12.0873 24.5 13.6574 24.5C14.0703 24.5 14.4939 24.4786 14.9188 24.4346C15.2929 24.3946 15.6711 24.3359 16.0426 24.2611C21.5906 23.1415 25.6408 18.2238 25.6728 12.5641V12.5C25.6728 12.1397 25.6568 11.7794 25.6247 11.4297H25.6261ZM9.43886 21.0983L4.85156 21.5867L6.2212 18.556L5.94727 18.1891C5.92722 18.1624 5.90718 18.1357 5.88447 18.105C4.69521 16.4649 4.06717 14.5271 4.06717 12.5013C4.06717 7.2193 8.36986 2.92215 13.6587 2.92215C18.6135 2.92215 22.8133 6.78292 23.2182 11.7113C23.2395 11.9755 23.2516 12.2411 23.2516 12.5027C23.2516 12.5774 23.2502 12.6508 23.2489 12.7295C23.1473 17.1481 20.0566 20.9008 15.7325 21.8563C15.4025 21.9297 15.0644 21.9858 14.7277 22.0218C14.3776 22.0618 14.0182 22.0819 13.6614 22.0819C12.3906 22.0819 11.1559 21.8363 9.98939 21.3505C9.85978 21.2985 9.73283 21.2424 9.6139 21.1851L9.4402 21.101L9.43886 21.0983Z\" fill=\"#00E510\"><\/path><\/svg>\t\t\t<\/span>\n\t\t\t\t\t\t\t\t\t<span class=\"elementor-button-text\">WHATSAPP<\/span>\n\t\t\t\t\t<\/span>\n\t\t\t\t\t<\/a>\n\t\t\t\t\t\t\t\t<\/div>\n\t\t\t\t<div class=\"elementor-element elementor-element-186eb37 elementor-widget elementor-widget-button\" data-id=\"186eb37\" data-element_type=\"widget\" data-e-type=\"widget\" data-widget_type=\"button.default\">\n\t\t\t\t\t\t\t\t\t\t<a class=\"elementor-button elementor-button-link elementor-size-sm\" href=\"tel:+34977542944\">\n\t\t\t\t\t\t<span class=\"elementor-button-content-wrapper\">\n\t\t\t\t\t\t<span class=\"elementor-button-icon\">\n\t\t\t\t<svg aria-hidden=\"true\" class=\"e-font-icon-svg e-fas-phone-alt\" viewBox=\"0 0 512 512\" xmlns=\"http:\/\/www.w3.org\/2000\/svg\"><path d=\"M497.39 361.8l-112-48a24 24 0 0 0-28 6.9l-49.6 60.6A370.66 370.66 0 0 1 130.6 204.11l60.6-49.6a23.94 23.94 0 0 0 6.9-28l-48-112A24.16 24.16 0 0 0 122.6.61l-104 24A24 24 0 0 0 0 48c0 256.5 207.9 464 464 464a24 24 0 0 0 23.4-18.6l24-104a24.29 24.29 0 0 0-14.01-27.6z\"><\/path><\/svg>\t\t\t<\/span>\n\t\t\t\t\t\t\t\t\t<span class=\"elementor-button-text\">TRUCA'NS<\/span>\n\t\t\t\t\t<\/span>\n\t\t\t\t\t<\/a>\n\t\t\t\t\t\t\t\t<\/div>\n\t\t\t\t<\/div>\n\t\t\t\t<\/div>\n\t\t<div class=\"elementor-element elementor-element-ecec3d6 e-con-full e-flex e-con e-child\" data-id=\"ecec3d6\" data-element_type=\"container\" data-e-type=\"container\" data-settings=\"{&quot;background_background&quot;:&quot;classic&quot;}\">\n\t\t\t\t<\/div>\n\t\t\t\t<\/div>\n\t\t<div class=\"elementor-element elementor-element-ff14e5e e-con-full e-flex e-con e-child\" data-id=\"ff14e5e\" data-element_type=\"container\" data-e-type=\"container\" data-settings=\"{&quot;background_background&quot;:&quot;classic&quot;}\">\n\t\t\t\t<div class=\"elementor-element elementor-element-92ca43f elementor-widget elementor-widget-shortcode\" data-id=\"92ca43f\" data-element_type=\"widget\" data-e-type=\"widget\" data-widget_type=\"shortcode.default\">\n\t\t\t\t\t\t\t<div class=\"elementor-shortcode\">\n\t\t\t<div\n\t\t\tclass=\"hs-form-frame\"\n\t\t\tdata-region=\"eu1\"\n\t\t\tdata-form-id=\"8aa377aa-87ca-4f31-a830-fab42704ab89\"\n\t\t\tdata-portal-id=\"143957670\"\n\t\t\t >\n\t\t\t<\/div>\n\t\t\t<\/div>\n\t\t\t\t\t\t<\/div>\n\t\t\t\t<\/div>\n\t\t\t\t<\/div>\n\t\t<div class=\"elementor-element elementor-element-ad5b3ad e-flex e-con-boxed e-con e-parent\" data-id=\"ad5b3ad\" data-element_type=\"container\" data-e-type=\"container\" data-settings=\"{&quot;background_background&quot;:&quot;classic&quot;}\">\n\t\t\t\t\t<div class=\"e-con-inner\">\n\t\t\t\t<div class=\"elementor-element elementor-element-d4e2d25 elementor-widget elementor-widget-text-editor\" data-id=\"d4e2d25\" data-element_type=\"widget\" data-e-type=\"widget\" data-widget_type=\"text-editor.default\">\n\t\t\t\t\t\t\t\t\t<p><a href=\"\/delegaciones\/\">CONTACTA AMB LES DELEGACIONS<\/a><\/p>\t\t\t\t\t\t\t\t<\/div>\n\t\t\t\t\t<\/div>\n\t\t\t\t<\/div>\n\t\t<div class=\"elementor-element elementor-element-4c7c4a1 e-flex e-con-boxed e-con e-parent\" data-id=\"4c7c4a1\" data-element_type=\"container\" data-e-type=\"container\" data-settings=\"{&quot;background_background&quot;:&quot;classic&quot;}\">\n\t\t\t\t\t<div class=\"e-con-inner\">\n\t\t\t\t<div class=\"elementor-element elementor-element-11dda79 elementor-widget elementor-widget-heading\" data-id=\"11dda79\" data-element_type=\"widget\" data-e-type=\"widget\" data-widget_type=\"heading.default\">\n\t\t\t\t\t<h2 class=\"elementor-heading-title elementor-size-default\">Seu central Tarragona<\/h2>\t\t\t\t<\/div>\n\t\t\t\t<div class=\"elementor-element elementor-element-388d758 elementor-align-center elementor-icon-list--layout-traditional elementor-list-item-link-full_width elementor-widget elementor-widget-icon-list\" data-id=\"388d758\" data-element_type=\"widget\" data-e-type=\"widget\" data-widget_type=\"icon-list.default\">\n\t\t\t\t\t\t\t<ul class=\"elementor-icon-list-items\">\n\t\t\t\t\t\t\t<li class=\"elementor-icon-list-item\">\n\t\t\t\t\t\t\t\t\t\t\t<a href=\"https:\/\/maps.app.goo.gl\/AMDACdqqtNWxYtUi7\">\n\n\t\t\t\t\t\t\t\t\t\t\t\t<span class=\"elementor-icon-list-icon\">\n\t\t\t\t\t\t\t<svg xmlns=\"http:\/\/www.w3.org\/2000\/svg\" width=\"19\" height=\"25\" viewBox=\"0 0 19 25\" fill=\"none\"><path d=\"M9.49935 12.4997C10.141 12.4997 10.6903 12.2712 11.1473 11.8143C11.6042 11.3573 11.8327 10.808 11.8327 10.1663C11.8327 9.52468 11.6042 8.97537 11.1473 8.51842C10.6903 8.06148 10.141 7.83301 9.49935 7.83301C8.85768 7.83301 8.30838 8.06148 7.85143 8.51842C7.39449 8.97537 7.16602 9.52468 7.16602 10.1663C7.16602 10.808 7.39449 11.3573 7.85143 11.8143C8.30838 12.2712 8.85768 12.4997 9.49935 12.4997ZM9.49935 24.1663C6.36879 21.5025 4.0306 19.0281 2.48477 16.7434C0.938932 14.4587 0.166016 12.3441 0.166016 10.3997C0.166016 7.48301 1.10421 5.1594 2.9806 3.42884C4.85699 1.69829 7.0299 0.833008 9.49935 0.833008C11.9688 0.833008 14.1417 1.69829 16.0181 3.42884C17.8945 5.1594 18.8327 7.48301 18.8327 10.3997C18.8327 12.3441 18.0598 14.4587 16.5139 16.7434C14.9681 19.0281 12.6299 21.5025 9.49935 24.1663Z\" fill=\"#E20C14\"><\/path><\/svg>\t\t\t\t\t\t<\/span>\n\t\t\t\t\t\t\t\t\t\t<span class=\"elementor-icon-list-text\">Pol\u00edgon Industrial Francol\u00ed, parcel\u00b7la 14, nau 17, 43006 \u2013 TARRAGONA<\/span>\n\t\t\t\t\t\t\t\t\t\t\t<\/a>\n\t\t\t\t\t\t\t\t\t<\/li>\n\t\t\t\t\t\t\t\t<li class=\"elementor-icon-list-item\">\n\t\t\t\t\t\t\t\t\t\t\t<a href=\"tel:977548809\">\n\n\t\t\t\t\t\t\t\t\t\t\t\t<span class=\"elementor-icon-list-icon\">\n\t\t\t\t\t\t\t<svg aria-hidden=\"true\" class=\"e-font-icon-svg e-fas-phone-alt\" viewBox=\"0 0 512 512\" xmlns=\"http:\/\/www.w3.org\/2000\/svg\"><path d=\"M497.39 361.8l-112-48a24 24 0 0 0-28 6.9l-49.6 60.6A370.66 370.66 0 0 1 130.6 204.11l60.6-49.6a23.94 23.94 0 0 0 6.9-28l-48-112A24.16 24.16 0 0 0 122.6.61l-104 24A24 24 0 0 0 0 48c0 256.5 207.9 464 464 464a24 24 0 0 0 23.4-18.6l24-104a24.29 24.29 0 0 0-14.01-27.6z\"><\/path><\/svg>\t\t\t\t\t\t<\/span>\n\t\t\t\t\t\t\t\t\t\t<span class=\"elementor-icon-list-text\">Tel\u00e8fon Oficines Centrals: 977 54 88 09<\/span>\n\t\t\t\t\t\t\t\t\t\t\t<\/a>\n\t\t\t\t\t\t\t\t\t<\/li>\n\t\t\t\t\t\t\t\t<li class=\"elementor-icon-list-item\">\n\t\t\t\t\t\t\t\t\t\t\t<a href=\"tel:977542944\">\n\n\t\t\t\t\t\t\t\t\t\t\t\t<span class=\"elementor-icon-list-icon\">\n\t\t\t\t\t\t\t<svg aria-hidden=\"true\" class=\"e-font-icon-svg e-fas-phone-alt\" viewBox=\"0 0 512 512\" xmlns=\"http:\/\/www.w3.org\/2000\/svg\"><path d=\"M497.39 361.8l-112-48a24 24 0 0 0-28 6.9l-49.6 60.6A370.66 370.66 0 0 1 130.6 204.11l60.6-49.6a23.94 23.94 0 0 0 6.9-28l-48-112A24.16 24.16 0 0 0 122.6.61l-104 24A24 24 0 0 0 0 48c0 256.5 207.9 464 464 464a24 24 0 0 0 23.4-18.6l24-104a24.29 24.29 0 0 0-14.01-27.6z\"><\/path><\/svg>\t\t\t\t\t\t<\/span>\n\t\t\t\t\t\t\t\t\t\t<span class=\"elementor-icon-list-text\">Tel\u00e8fon Call Center: 977 54 29 44<\/span>\n\t\t\t\t\t\t\t\t\t\t\t<\/a>\n\t\t\t\t\t\t\t\t\t<\/li>\n\t\t\t\t\t\t\t\t<li class=\"elementor-icon-list-item\">\n\t\t\t\t\t\t\t\t\t\t\t<a href=\"tel:977547698\">\n\n\t\t\t\t\t\t\t\t\t\t\t\t<span class=\"elementor-icon-list-icon\">\n\t\t\t\t\t\t\t<svg aria-hidden=\"true\" class=\"e-font-icon-svg e-fas-phone-alt\" viewBox=\"0 0 512 512\" xmlns=\"http:\/\/www.w3.org\/2000\/svg\"><path d=\"M497.39 361.8l-112-48a24 24 0 0 0-28 6.9l-49.6 60.6A370.66 370.66 0 0 1 130.6 204.11l60.6-49.6a23.94 23.94 0 0 0 6.9-28l-48-112A24.16 24.16 0 0 0 122.6.61l-104 24A24 24 0 0 0 0 48c0 256.5 207.9 464 464 464a24 24 0 0 0 23.4-18.6l24-104a24.29 24.29 0 0 0-14.01-27.6z\"><\/path><\/svg>\t\t\t\t\t\t<\/span>\n\t\t\t\t\t\t\t\t\t\t<span class=\"elementor-icon-list-text\">Tel\u00e8fon Botiga Tarragona: 977 54 76 98<\/span>\n\t\t\t\t\t\t\t\t\t\t\t<\/a>\n\t\t\t\t\t\t\t\t\t<\/li>\n\t\t\t\t\t\t<\/ul>\n\t\t\t\t\t\t<\/div>\n\t\t\t\t\t<\/div>\n\t\t\t\t<\/div>\n\t\t<div class=\"elementor-element elementor-element-fa4e05a e-flex e-con-boxed e-con e-parent\" data-id=\"fa4e05a\" data-element_type=\"container\" data-e-type=\"container\">\n\t\t\t\t\t<div class=\"e-con-inner\">\n\t\t<div class=\"elementor-element elementor-element-5864b42 e-con-full e-flex e-con e-child\" data-id=\"5864b42\" data-element_type=\"container\" data-e-type=\"container\">\n\t\t\t\t<div class=\"elementor-element elementor-element-bc3bce3 elementor-widget elementor-widget-heading\" data-id=\"bc3bce3\" data-element_type=\"widget\" data-e-type=\"widget\" data-widget_type=\"heading.default\">\n\t\t\t\t\t<h2 class=\"elementor-heading-title elementor-size-default\">Subscriu-te a la nostra<br> Newsletter<\/h2>\t\t\t\t<\/div>\n\t\t\t\t<\/div>\n\t\t<div class=\"elementor-element elementor-element-49225d5 e-con-full e-flex e-con e-child\" data-id=\"49225d5\" data-element_type=\"container\" data-e-type=\"container\">\n\t\t\t\t<div class=\"elementor-element elementor-element-7734bf1 elementor-widget elementor-widget-text-editor\" data-id=\"7734bf1\" data-element_type=\"widget\" data-e-type=\"widget\" data-widget_type=\"text-editor.default\">\n\t\t\t\t\t\t\t\t\t<script src=\"https:\/\/js-eu1.hsforms.net\/forms\/embed\/143957670.js\" defer><span data-mce-type=\"bookmark\" style=\"display: inline-block; width: 0px; overflow: hidden; line-height: 0;\" class=\"mce_SELRES_start\"><\/span><\/script>\n<div class=\"hs-form-frame\" data-region=\"eu1\" data-form-id=\"08c9b1ab-de92-4710-850e-f4742907376f\" data-portal-id=\"143957670\"><\/div>\t\t\t\t\t\t\t\t<\/div>\n\t\t\t\t<\/div>\n\t\t\t\t\t<\/div>\n\t\t\t\t<\/div>\n\t\t\t\t<\/div>\n\t\t","protected":false},"excerpt":{"rendered":"<p>EL TEU PROVE\u00cfDOR 360\u00ba Contacte per a particulars VOLS TREBALLAR AMB NOSALTRES? ETS UNA EMPRESA? Per a consultes de recanvis, accessoris o consumibles, emplena el formulari. Tamb\u00e9 pots visitar les nostres botigues, troba la m\u00e9s propera fent clic aqu\u00ed . WHATSAPP TRUCA&#8217;NS CONTACTA AMB LES DELEGACIONS Seu central Tarragona Pol\u00edgon Industrial Francol\u00ed, parcel\u00b7la 14, nau [&hellip;]<\/p>\n","protected":false},"author":4,"featured_media":0,"parent":0,"menu_order":0,"comment_status":"closed","ping_status":"closed","template":"elementor_canvas","meta":{"_acf_changed":false,"content-type":"","footnotes":""},"class_list":["post-3108","page","type-page","status-publish","hentry"],"acf":[],"yoast_head":"<!-- This site is optimized with the Yoast SEO Premium plugin v27.3 (Yoast SEO v27.3) - https:\/\/yoast.com\/product\/yoast-seo-premium-wordpress\/ -->\n<title>Contacte per a particulars - Aicrag<\/title>\n<meta name=\"robots\" content=\"noindex, follow, max-snippet:-1, max-image-preview:large, max-video-preview:-1\" \/>\n<meta property=\"og:locale\" content=\"ca_ES\" \/>\n<meta property=\"og:type\" content=\"article\" \/>\n<meta property=\"og:title\" content=\"Contacte per a particulars\" \/>\n<meta property=\"og:description\" content=\"EL TEU PROVE\u00cfDOR 360\u00ba Contacte per a particulars VOLS TREBALLAR AMB NOSALTRES? ETS UNA EMPRESA? Per a consultes de recanvis, accessoris o consumibles, emplena el formulari. Tamb\u00e9 pots visitar les nostres botigues, troba la m\u00e9s propera fent clic aqu\u00ed . WHATSAPP TRUCA&#8217;NS CONTACTA AMB LES DELEGACIONS Seu central Tarragona Pol\u00edgon Industrial Francol\u00ed, parcel\u00b7la 14, nau [&hellip;]\" \/>\n<meta property=\"og:url\" content=\"https:\/\/dev.aicrag.com\/ca\/contacte-per-a-particulars\/\" \/>\n<meta property=\"og:site_name\" content=\"Aicrag\" \/>\n<meta property=\"article:publisher\" content=\"https:\/\/www.facebook.com\/Recanvisaicrag\" \/>\n<meta property=\"article:modified_time\" content=\"2026-03-13T11:47:05+00:00\" \/>\n<meta name=\"twitter:card\" content=\"summary_large_image\" \/>\n<script type=\"application\/ld+json\" class=\"yoast-schema-graph\">{\"@context\":\"https:\\\/\\\/schema.org\",\"@graph\":[{\"@type\":\"WebPage\",\"@id\":\"https:\\\/\\\/dev.aicrag.com\\\/ca\\\/contacte-per-a-particulars\\\/\",\"url\":\"https:\\\/\\\/dev.aicrag.com\\\/ca\\\/contacte-per-a-particulars\\\/\",\"name\":\"Contacte per a particulars - Aicrag\",\"isPartOf\":{\"@id\":\"https:\\\/\\\/dev.aicrag.com\\\/ca\\\/#website\"},\"datePublished\":\"2025-05-13T10:30:53+00:00\",\"dateModified\":\"2026-03-13T11:47:05+00:00\",\"breadcrumb\":{\"@id\":\"https:\\\/\\\/dev.aicrag.com\\\/ca\\\/contacte-per-a-particulars\\\/#breadcrumb\"},\"inLanguage\":\"ca\",\"potentialAction\":[{\"@type\":\"ReadAction\",\"target\":[\"https:\\\/\\\/dev.aicrag.com\\\/ca\\\/contacte-per-a-particulars\\\/\"]}]},{\"@type\":\"BreadcrumbList\",\"@id\":\"https:\\\/\\\/dev.aicrag.com\\\/ca\\\/contacte-per-a-particulars\\\/#breadcrumb\",\"itemListElement\":[{\"@type\":\"ListItem\",\"position\":1,\"name\":\"Portada\",\"item\":\"https:\\\/\\\/dev.aicrag.com\\\/ca\\\/\"},{\"@type\":\"ListItem\",\"position\":2,\"name\":\"Contacte per a particulars\"}]},{\"@type\":\"WebSite\",\"@id\":\"https:\\\/\\\/dev.aicrag.com\\\/ca\\\/#website\",\"url\":\"https:\\\/\\\/dev.aicrag.com\\\/ca\\\/\",\"name\":\"Aicrag\",\"description\":\"logotipo AICRAG\",\"publisher\":{\"@id\":\"https:\\\/\\\/dev.aicrag.com\\\/ca\\\/#organization\"},\"potentialAction\":[{\"@type\":\"SearchAction\",\"target\":{\"@type\":\"EntryPoint\",\"urlTemplate\":\"https:\\\/\\\/dev.aicrag.com\\\/ca\\\/?s={search_term_string}\"},\"query-input\":{\"@type\":\"PropertyValueSpecification\",\"valueRequired\":true,\"valueName\":\"search_term_string\"}}],\"inLanguage\":\"ca\"},{\"@type\":\"Organization\",\"@id\":\"https:\\\/\\\/dev.aicrag.com\\\/ca\\\/#organization\",\"name\":\"AICRAG\",\"alternateName\":\"Recanvis Aicrag\",\"url\":\"https:\\\/\\\/dev.aicrag.com\\\/ca\\\/\",\"logo\":{\"@type\":\"ImageObject\",\"inLanguage\":\"ca\",\"@id\":\"https:\\\/\\\/dev.aicrag.com\\\/ca\\\/#\\\/schema\\\/logo\\\/image\\\/\",\"url\":\"https:\\\/\\\/dev.aicrag.com\\\/wp-content\\\/uploads\\\/2025\\\/06\\\/logo-aicrag_color_sin-fondo.svg\",\"contentUrl\":\"https:\\\/\\\/dev.aicrag.com\\\/wp-content\\\/uploads\\\/2025\\\/06\\\/logo-aicrag_color_sin-fondo.svg\",\"width\":825.88977,\"height\":249,\"caption\":\"AICRAG\"},\"image\":{\"@id\":\"https:\\\/\\\/dev.aicrag.com\\\/ca\\\/#\\\/schema\\\/logo\\\/image\\\/\"},\"sameAs\":[\"https:\\\/\\\/www.facebook.com\\\/Recanvisaicrag\",\"https:\\\/\\\/www.instagram.com\\\/recanvis.aicrag\",\"https:\\\/\\\/www.linkedin.com\\\/company\\\/101233911\"]}]}<\/script>\n<!-- \/ Yoast SEO Premium plugin. -->","yoast_head_json":{"title":"Contacte per a particulars - Aicrag","robots":{"index":"noindex","follow":"follow","max-snippet":"max-snippet:-1","max-image-preview":"max-image-preview:large","max-video-preview":"max-video-preview:-1"},"og_locale":"ca_ES","og_type":"article","og_title":"Contacte per a particulars","og_description":"EL TEU PROVE\u00cfDOR 360\u00ba Contacte per a particulars VOLS TREBALLAR AMB NOSALTRES? ETS UNA EMPRESA? Per a consultes de recanvis, accessoris o consumibles, emplena el formulari. Tamb\u00e9 pots visitar les nostres botigues, troba la m\u00e9s propera fent clic aqu\u00ed . WHATSAPP TRUCA&#8217;NS CONTACTA AMB LES DELEGACIONS Seu central Tarragona Pol\u00edgon Industrial Francol\u00ed, parcel\u00b7la 14, nau [&hellip;]","og_url":"https:\/\/dev.aicrag.com\/ca\/contacte-per-a-particulars\/","og_site_name":"Aicrag","article_publisher":"https:\/\/www.facebook.com\/Recanvisaicrag","article_modified_time":"2026-03-13T11:47:05+00:00","twitter_card":"summary_large_image","schema":{"@context":"https:\/\/schema.org","@graph":[{"@type":"WebPage","@id":"https:\/\/dev.aicrag.com\/ca\/contacte-per-a-particulars\/","url":"https:\/\/dev.aicrag.com\/ca\/contacte-per-a-particulars\/","name":"Contacte per a particulars - Aicrag","isPartOf":{"@id":"https:\/\/dev.aicrag.com\/ca\/#website"},"datePublished":"2025-05-13T10:30:53+00:00","dateModified":"2026-03-13T11:47:05+00:00","breadcrumb":{"@id":"https:\/\/dev.aicrag.com\/ca\/contacte-per-a-particulars\/#breadcrumb"},"inLanguage":"ca","potentialAction":[{"@type":"ReadAction","target":["https:\/\/dev.aicrag.com\/ca\/contacte-per-a-particulars\/"]}]},{"@type":"BreadcrumbList","@id":"https:\/\/dev.aicrag.com\/ca\/contacte-per-a-particulars\/#breadcrumb","itemListElement":[{"@type":"ListItem","position":1,"name":"Portada","item":"https:\/\/dev.aicrag.com\/ca\/"},{"@type":"ListItem","position":2,"name":"Contacte per a particulars"}]},{"@type":"WebSite","@id":"https:\/\/dev.aicrag.com\/ca\/#website","url":"https:\/\/dev.aicrag.com\/ca\/","name":"Aicrag","description":"logotipo AICRAG","publisher":{"@id":"https:\/\/dev.aicrag.com\/ca\/#organization"},"potentialAction":[{"@type":"SearchAction","target":{"@type":"EntryPoint","urlTemplate":"https:\/\/dev.aicrag.com\/ca\/?s={search_term_string}"},"query-input":{"@type":"PropertyValueSpecification","valueRequired":true,"valueName":"search_term_string"}}],"inLanguage":"ca"},{"@type":"Organization","@id":"https:\/\/dev.aicrag.com\/ca\/#organization","name":"AICRAG","alternateName":"Recanvis Aicrag","url":"https:\/\/dev.aicrag.com\/ca\/","logo":{"@type":"ImageObject","inLanguage":"ca","@id":"https:\/\/dev.aicrag.com\/ca\/#\/schema\/logo\/image\/","url":"https:\/\/dev.aicrag.com\/wp-content\/uploads\/2025\/06\/logo-aicrag_color_sin-fondo.svg","contentUrl":"https:\/\/dev.aicrag.com\/wp-content\/uploads\/2025\/06\/logo-aicrag_color_sin-fondo.svg","width":825.88977,"height":249,"caption":"AICRAG"},"image":{"@id":"https:\/\/dev.aicrag.com\/ca\/#\/schema\/logo\/image\/"},"sameAs":["https:\/\/www.facebook.com\/Recanvisaicrag","https:\/\/www.instagram.com\/recanvis.aicrag","https:\/\/www.linkedin.com\/company\/101233911"]}]}},"_links":{"self":[{"href":"https:\/\/dev.aicrag.com\/ca\/wp-json\/wp\/v2\/pages\/3108","targetHints":{"allow":["GET"]}}],"collection":[{"href":"https:\/\/dev.aicrag.com\/ca\/wp-json\/wp\/v2\/pages"}],"about":[{"href":"https:\/\/dev.aicrag.com\/ca\/wp-json\/wp\/v2\/types\/page"}],"author":[{"embeddable":true,"href":"https:\/\/dev.aicrag.com\/ca\/wp-json\/wp\/v2\/users\/4"}],"replies":[{"embeddable":true,"href":"https:\/\/dev.aicrag.com\/ca\/wp-json\/wp\/v2\/comments?post=3108"}],"version-history":[{"count":1,"href":"https:\/\/dev.aicrag.com\/ca\/wp-json\/wp\/v2\/pages\/3108\/revisions"}],"predecessor-version":[{"id":23652,"href":"https:\/\/dev.aicrag.com\/ca\/wp-json\/wp\/v2\/pages\/3108\/revisions\/23652"}],"wp:attachment":[{"href":"https:\/\/dev.aicrag.com\/ca\/wp-json\/wp\/v2\/media?parent=3108"}],"curies":[{"name":"wp","href":"https:\/\/api.w.org\/{rel}","templated":true}]}}