{"id":3187,"date":"2025-05-13T11:46:41","date_gmt":"2025-05-13T10:46:41","guid":{"rendered":"https:\/\/dev.aicrag.com\/serca\/"},"modified":"2026-03-13T12:48:09","modified_gmt":"2026-03-13T11:48:09","slug":"serca","status":"publish","type":"page","link":"https:\/\/dev.aicrag.com\/ca\/serca\/","title":{"rendered":"Serca"},"content":{"rendered":"\t\t<div data-elementor-type=\"wp-page\" data-elementor-id=\"3187\" class=\"elementor elementor-3187 elementor-21\" data-elementor-post-type=\"page\">\n\t\t\t\t<div class=\"elementor-element elementor-element-2270b01 e-flex e-con-boxed e-con e-parent\" data-id=\"2270b01\" data-element_type=\"container\" data-e-type=\"container\" data-settings=\"{&quot;background_background&quot;:&quot;classic&quot;}\">\n\t\t\t\t\t<div class=\"e-con-inner\">\n\t\t<div class=\"elementor-element elementor-element-3825b38 e-con-full e-flex e-con e-child\" data-id=\"3825b38\" data-element_type=\"container\" data-e-type=\"container\">\n\t\t\t\t<div class=\"elementor-element elementor-element-85b16b3 elementor-widget elementor-widget-heading\" data-id=\"85b16b3\" data-element_type=\"widget\" data-e-type=\"widget\" data-widget_type=\"heading.default\">\n\t\t\t\t\t<h4 class=\"elementor-heading-title elementor-size-default\">SERCA<\/h4>\t\t\t\t<\/div>\n\t\t\t\t<div class=\"elementor-element elementor-element-6d1751a elementor-widget elementor-widget-heading\" data-id=\"6d1751a\" data-element_type=\"widget\" data-e-type=\"widget\" data-widget_type=\"heading.default\">\n\t\t\t\t\t<h1 class=\"elementor-heading-title elementor-size-default\">Grupo Serca Automoci\u00f3n fundada l'any 1987 \u00e9s un dels principals grups de distribuci\u00f3 de recanvis per a cotxes a nivell ib\u00e8ric (Espanya i Portugal).<\/h1>\t\t\t\t<\/div>\n\t\t\t\t<div class=\"elementor-element elementor-element-719fe33 elementor-widget elementor-widget-text-editor\" data-id=\"719fe33\" data-element_type=\"widget\" data-e-type=\"widget\" data-widget_type=\"text-editor.default\">\n\t\t\t\t\t\t\t\t\t<p>Actualment est\u00e0 format per 72 empreses especialistes en la distribuci\u00f3 de recanvis per a cotxes, comptant amb m\u00e9s de 180 punts de venda, m\u00e9s de 160.000 m2 de magatzem, prop de 1.240 empleats, 200 milions d&#8217;euros de facturaci\u00f3 i al voltant de 80.000 refer\u00e8ncies en estoc.<\/p><p><strong>Grupo Serca \u00e9s membre de:<\/strong><\/p>\t\t\t\t\t\t\t\t<\/div>\n\t\t<div class=\"elementor-element elementor-element-958eba9 e-con-full e-flex e-con e-child\" data-id=\"958eba9\" data-element_type=\"container\" data-e-type=\"container\">\n\t\t<div class=\"elementor-element elementor-element-cd650d7 e-con-full e-flex e-con e-child\" data-id=\"cd650d7\" data-element_type=\"container\" data-e-type=\"container\">\n\t\t\t\t<div class=\"elementor-element elementor-element-76a3b40 elementor-widget elementor-widget-image\" data-id=\"76a3b40\" data-element_type=\"widget\" data-e-type=\"widget\" data-widget_type=\"image.default\">\n\t\t\t\t\t\t\t\t\t\t\t\t\t\t\t<img fetchpriority=\"high\" decoding=\"async\" width=\"361\" height=\"140\" src=\"https:\/\/dev.aicrag.com\/wp-content\/uploads\/2025\/05\/image-50.png\" class=\"attachment-full size-full wp-image-888\" alt=\"\" srcset=\"https:\/\/dev.aicrag.com\/wp-content\/uploads\/2025\/05\/image-50.png 361w, https:\/\/dev.aicrag.com\/wp-content\/uploads\/2025\/05\/image-50-300x116.png 300w\" sizes=\"(max-width: 361px) 100vw, 361px\" \/>\t\t\t\t\t\t\t\t\t\t\t\t\t\t\t<\/div>\n\t\t\t\t<div class=\"elementor-element elementor-element-0e7aa80 elementor-widget elementor-widget-text-editor\" data-id=\"0e7aa80\" data-element_type=\"widget\" data-e-type=\"widget\" data-widget_type=\"text-editor.default\">\n\t\t\t\t\t\t\t\t\t<p>IDAP \u00e9s membre de Nexus Automotive international (N!) \u00e9s un nou grup de distribuci\u00f3 mundial, creat per oferir serveis de postvenda d&#8217;automoci\u00f3 a nivell global.<\/p>\t\t\t\t\t\t\t\t<\/div>\n\t\t\t\t<\/div>\n\t\t<div class=\"elementor-element elementor-element-062386e e-con-full e-flex e-con e-child\" data-id=\"062386e\" data-element_type=\"container\" data-e-type=\"container\">\n\t\t\t\t<div class=\"elementor-element elementor-element-279e2a0 elementor-widget elementor-widget-image\" data-id=\"279e2a0\" data-element_type=\"widget\" data-e-type=\"widget\" data-widget_type=\"image.default\">\n\t\t\t\t\t\t\t\t\t\t\t\t\t\t\t<img decoding=\"async\" width=\"356\" height=\"219\" src=\"https:\/\/dev.aicrag.com\/wp-content\/uploads\/2025\/05\/Idap.png\" class=\"attachment-full size-full wp-image-887\" alt=\"\" srcset=\"https:\/\/dev.aicrag.com\/wp-content\/uploads\/2025\/05\/Idap.png 356w, https:\/\/dev.aicrag.com\/wp-content\/uploads\/2025\/05\/Idap-300x185.png 300w\" sizes=\"(max-width: 356px) 100vw, 356px\" \/>\t\t\t\t\t\t\t\t\t\t\t\t\t\t\t<\/div>\n\t\t\t\t<div class=\"elementor-element elementor-element-e8835ab elementor-widget elementor-widget-text-editor\" data-id=\"e8835ab\" data-element_type=\"widget\" data-e-type=\"widget\" data-widget_type=\"text-editor.default\">\n\t\t\t\t\t\t\t\t\t<p>El 18 de gener del 2013 el grup espanyol Grupo Serca Automoci\u00f3n i el grup franc\u00e8s S&#8217;Energie funden IDAP (International Distribution Aftermarket Parts).<\/p>\t\t\t\t\t\t\t\t<\/div>\n\t\t\t\t<\/div>\n\t\t\t\t<\/div>\n\t\t\t\t<\/div>\n\t\t<div class=\"elementor-element elementor-element-e1d7c97 e-con-full e-flex e-con e-child\" data-id=\"e1d7c97\" data-element_type=\"container\" data-e-type=\"container\">\n\t\t\t\t<div class=\"elementor-element elementor-element-6913854 elementor-widget elementor-widget-image\" data-id=\"6913854\" data-element_type=\"widget\" data-e-type=\"widget\" data-widget_type=\"image.default\">\n\t\t\t\t\t\t\t\t\t\t\t\t\t\t\t<img decoding=\"async\" width=\"419\" height=\"419\" src=\"https:\/\/dev.aicrag.com\/wp-content\/uploads\/2025\/05\/image.png\" class=\"attachment-large size-large wp-image-886\" alt=\"\" srcset=\"https:\/\/dev.aicrag.com\/wp-content\/uploads\/2025\/05\/image.png 419w, https:\/\/dev.aicrag.com\/wp-content\/uploads\/2025\/05\/image-300x300.png 300w, https:\/\/dev.aicrag.com\/wp-content\/uploads\/2025\/05\/image-150x150.png 150w\" sizes=\"(max-width: 419px) 100vw, 419px\" \/>\t\t\t\t\t\t\t\t\t\t\t\t\t\t\t<\/div>\n\t\t\t\t<\/div>\n\t\t\t\t\t<\/div>\n\t\t\t\t<\/div>\n\t\t\t\t<\/div>\n\t\t","protected":false},"excerpt":{"rendered":"","protected":false},"author":4,"featured_media":0,"parent":0,"menu_order":0,"comment_status":"closed","ping_status":"closed","template":"","meta":{"_acf_changed":false,"content-type":"","footnotes":""},"class_list":["post-3187","page","type-page","status-publish","hentry"],"acf":[],"yoast_head":"<!-- This site is optimized with the Yoast SEO Premium plugin v27.3 (Yoast SEO v27.3) - https:\/\/yoast.com\/product\/yoast-seo-premium-wordpress\/ -->\n<title>Serca - Aicrag<\/title>\n<meta name=\"robots\" content=\"noindex, follow, max-snippet:-1, max-image-preview:large, max-video-preview:-1\" \/>\n<meta property=\"og:locale\" content=\"ca_ES\" \/>\n<meta property=\"og:type\" content=\"article\" \/>\n<meta property=\"og:title\" content=\"Serca\" \/>\n<meta property=\"og:url\" content=\"https:\/\/dev.aicrag.com\/ca\/serca\/\" \/>\n<meta property=\"og:site_name\" content=\"Aicrag\" \/>\n<meta property=\"article:publisher\" content=\"https:\/\/www.facebook.com\/Recanvisaicrag\" \/>\n<meta property=\"article:modified_time\" content=\"2026-03-13T11:48:09+00:00\" \/>\n<meta name=\"twitter:card\" content=\"summary_large_image\" \/>\n<script type=\"application\/ld+json\" class=\"yoast-schema-graph\">{\"@context\":\"https:\\\/\\\/schema.org\",\"@graph\":[{\"@type\":\"WebPage\",\"@id\":\"https:\\\/\\\/dev.aicrag.com\\\/ca\\\/serca\\\/\",\"url\":\"https:\\\/\\\/dev.aicrag.com\\\/ca\\\/serca\\\/\",\"name\":\"Serca - Aicrag\",\"isPartOf\":{\"@id\":\"https:\\\/\\\/dev.aicrag.com\\\/ca\\\/#website\"},\"datePublished\":\"2025-05-13T10:46:41+00:00\",\"dateModified\":\"2026-03-13T11:48:09+00:00\",\"breadcrumb\":{\"@id\":\"https:\\\/\\\/dev.aicrag.com\\\/ca\\\/serca\\\/#breadcrumb\"},\"inLanguage\":\"ca\",\"potentialAction\":[{\"@type\":\"ReadAction\",\"target\":[\"https:\\\/\\\/dev.aicrag.com\\\/ca\\\/serca\\\/\"]}]},{\"@type\":\"BreadcrumbList\",\"@id\":\"https:\\\/\\\/dev.aicrag.com\\\/ca\\\/serca\\\/#breadcrumb\",\"itemListElement\":[{\"@type\":\"ListItem\",\"position\":1,\"name\":\"Portada\",\"item\":\"https:\\\/\\\/dev.aicrag.com\\\/ca\\\/\"},{\"@type\":\"ListItem\",\"position\":2,\"name\":\"Serca\"}]},{\"@type\":\"WebSite\",\"@id\":\"https:\\\/\\\/dev.aicrag.com\\\/ca\\\/#website\",\"url\":\"https:\\\/\\\/dev.aicrag.com\\\/ca\\\/\",\"name\":\"Aicrag\",\"description\":\"logotipo AICRAG\",\"publisher\":{\"@id\":\"https:\\\/\\\/dev.aicrag.com\\\/ca\\\/#organization\"},\"potentialAction\":[{\"@type\":\"SearchAction\",\"target\":{\"@type\":\"EntryPoint\",\"urlTemplate\":\"https:\\\/\\\/dev.aicrag.com\\\/ca\\\/?s={search_term_string}\"},\"query-input\":{\"@type\":\"PropertyValueSpecification\",\"valueRequired\":true,\"valueName\":\"search_term_string\"}}],\"inLanguage\":\"ca\"},{\"@type\":\"Organization\",\"@id\":\"https:\\\/\\\/dev.aicrag.com\\\/ca\\\/#organization\",\"name\":\"AICRAG\",\"alternateName\":\"Recanvis Aicrag\",\"url\":\"https:\\\/\\\/dev.aicrag.com\\\/ca\\\/\",\"logo\":{\"@type\":\"ImageObject\",\"inLanguage\":\"ca\",\"@id\":\"https:\\\/\\\/dev.aicrag.com\\\/ca\\\/#\\\/schema\\\/logo\\\/image\\\/\",\"url\":\"https:\\\/\\\/dev.aicrag.com\\\/wp-content\\\/uploads\\\/2025\\\/06\\\/logo-aicrag_color_sin-fondo.svg\",\"contentUrl\":\"https:\\\/\\\/dev.aicrag.com\\\/wp-content\\\/uploads\\\/2025\\\/06\\\/logo-aicrag_color_sin-fondo.svg\",\"width\":825.88977,\"height\":249,\"caption\":\"AICRAG\"},\"image\":{\"@id\":\"https:\\\/\\\/dev.aicrag.com\\\/ca\\\/#\\\/schema\\\/logo\\\/image\\\/\"},\"sameAs\":[\"https:\\\/\\\/www.facebook.com\\\/Recanvisaicrag\",\"https:\\\/\\\/www.instagram.com\\\/recanvis.aicrag\",\"https:\\\/\\\/www.linkedin.com\\\/company\\\/101233911\"]}]}<\/script>\n<!-- \/ Yoast SEO Premium plugin. -->","yoast_head_json":{"title":"Serca - Aicrag","robots":{"index":"noindex","follow":"follow","max-snippet":"max-snippet:-1","max-image-preview":"max-image-preview:large","max-video-preview":"max-video-preview:-1"},"og_locale":"ca_ES","og_type":"article","og_title":"Serca","og_url":"https:\/\/dev.aicrag.com\/ca\/serca\/","og_site_name":"Aicrag","article_publisher":"https:\/\/www.facebook.com\/Recanvisaicrag","article_modified_time":"2026-03-13T11:48:09+00:00","twitter_card":"summary_large_image","schema":{"@context":"https:\/\/schema.org","@graph":[{"@type":"WebPage","@id":"https:\/\/dev.aicrag.com\/ca\/serca\/","url":"https:\/\/dev.aicrag.com\/ca\/serca\/","name":"Serca - Aicrag","isPartOf":{"@id":"https:\/\/dev.aicrag.com\/ca\/#website"},"datePublished":"2025-05-13T10:46:41+00:00","dateModified":"2026-03-13T11:48:09+00:00","breadcrumb":{"@id":"https:\/\/dev.aicrag.com\/ca\/serca\/#breadcrumb"},"inLanguage":"ca","potentialAction":[{"@type":"ReadAction","target":["https:\/\/dev.aicrag.com\/ca\/serca\/"]}]},{"@type":"BreadcrumbList","@id":"https:\/\/dev.aicrag.com\/ca\/serca\/#breadcrumb","itemListElement":[{"@type":"ListItem","position":1,"name":"Portada","item":"https:\/\/dev.aicrag.com\/ca\/"},{"@type":"ListItem","position":2,"name":"Serca"}]},{"@type":"WebSite","@id":"https:\/\/dev.aicrag.com\/ca\/#website","url":"https:\/\/dev.aicrag.com\/ca\/","name":"Aicrag","description":"logotipo AICRAG","publisher":{"@id":"https:\/\/dev.aicrag.com\/ca\/#organization"},"potentialAction":[{"@type":"SearchAction","target":{"@type":"EntryPoint","urlTemplate":"https:\/\/dev.aicrag.com\/ca\/?s={search_term_string}"},"query-input":{"@type":"PropertyValueSpecification","valueRequired":true,"valueName":"search_term_string"}}],"inLanguage":"ca"},{"@type":"Organization","@id":"https:\/\/dev.aicrag.com\/ca\/#organization","name":"AICRAG","alternateName":"Recanvis Aicrag","url":"https:\/\/dev.aicrag.com\/ca\/","logo":{"@type":"ImageObject","inLanguage":"ca","@id":"https:\/\/dev.aicrag.com\/ca\/#\/schema\/logo\/image\/","url":"https:\/\/dev.aicrag.com\/wp-content\/uploads\/2025\/06\/logo-aicrag_color_sin-fondo.svg","contentUrl":"https:\/\/dev.aicrag.com\/wp-content\/uploads\/2025\/06\/logo-aicrag_color_sin-fondo.svg","width":825.88977,"height":249,"caption":"AICRAG"},"image":{"@id":"https:\/\/dev.aicrag.com\/ca\/#\/schema\/logo\/image\/"},"sameAs":["https:\/\/www.facebook.com\/Recanvisaicrag","https:\/\/www.instagram.com\/recanvis.aicrag","https:\/\/www.linkedin.com\/company\/101233911"]}]}},"_links":{"self":[{"href":"https:\/\/dev.aicrag.com\/ca\/wp-json\/wp\/v2\/pages\/3187","targetHints":{"allow":["GET"]}}],"collection":[{"href":"https:\/\/dev.aicrag.com\/ca\/wp-json\/wp\/v2\/pages"}],"about":[{"href":"https:\/\/dev.aicrag.com\/ca\/wp-json\/wp\/v2\/types\/page"}],"author":[{"embeddable":true,"href":"https:\/\/dev.aicrag.com\/ca\/wp-json\/wp\/v2\/users\/4"}],"replies":[{"embeddable":true,"href":"https:\/\/dev.aicrag.com\/ca\/wp-json\/wp\/v2\/comments?post=3187"}],"version-history":[{"count":1,"href":"https:\/\/dev.aicrag.com\/ca\/wp-json\/wp\/v2\/pages\/3187\/revisions"}],"predecessor-version":[{"id":3189,"href":"https:\/\/dev.aicrag.com\/ca\/wp-json\/wp\/v2\/pages\/3187\/revisions\/3189"}],"wp:attachment":[{"href":"https:\/\/dev.aicrag.com\/ca\/wp-json\/wp\/v2\/media?parent=3187"}],"curies":[{"name":"wp","href":"https:\/\/api.w.org\/{rel}","templated":true}]}}